{"id":3257,"date":"2025-05-14T21:55:00","date_gmt":"2025-05-14T21:55:00","guid":{"rendered":"https:\/\/musixp.com\/?page_id=3257"},"modified":"2026-03-09T15:26:24","modified_gmt":"2026-03-09T15:26:24","slug":"realisations","status":"publish","type":"page","link":"https:\/\/musixp.com\/en\/realisations\/","title":{"rendered":"R\u00e9alisations MusiXP | Portfolio Sonore"},"content":{"rendered":"<div style=\"height:8px\" aria-hidden=\"true\" class=\"wp-block-spacer uag-hide-mob\"><\/div>\n\n\n\n<div class=\"wp-block-uagb-info-box uagb-block-64e7e202 uagb-infobox__content-wrap  uagb-infobox-icon-above-title uagb-infobox-image-valign-top wp-block-uagb-info-box--has-margin\"><div class=\"uagb-infobox-margin-wrapper\"><div class=\"uagb-ifb-content\"><div class=\"uagb-ifb-title-wrap\"><\/div><p class=\"uagb-ifb-desc\">Explore MusiXP studio's original works<\/p><\/div><\/div><\/div>\n\n\n\n<div class=\"wp-block-uagb-info-box uagb-block-f281540a uagb-infobox__content-wrap  uagb-infobox-icon-above-title uagb-infobox-image-valign-top wp-block-uagb-info-box--has-margin\"><div class=\"uagb-infobox-margin-wrapper\"><div class=\"uagb-ifb-content\"><div class=\"uagb-ifb-title-wrap\"><\/div><p class=\"uagb-ifb-desc\"><strong>Brand Music<\/strong><\/p><\/div><\/div><\/div>\n\n\n<div id=\"audioigniter-5074\" class=\"audioigniter-root\" data-player-type=\"full\" data-tracks-url=\"https:\/\/musixp.com\/en\/?audioigniter_playlist_id=5074\" data-display-track-no=\"true\" data-reverse-track-order=\"false\" data-display-tracklist-covers=\"true\" data-display-active-cover=\"true\" data-display-artist-names=\"true\" data-display-buy-buttons=\"true\" data-buy-buttons-target=\"true\" data-cycle-tracks=\"false\" data-display-credits=\"false\" data-display-tracklist=\"true\" data-allow-tracklist-toggle=\"true\" data-allow-tracklist-loop=\"true\" data-limit-tracklist-height=\"true\" data-volume=\"100\" data-tracklist-height=\"330\" ><\/div>\n\n\n\n<div class=\"wp-block-uagb-info-box uagb-block-1c64d094 uagb-infobox__content-wrap  uagb-infobox-icon-above-title uagb-infobox-image-valign-top wp-block-uagb-info-box--has-margin\"><div class=\"uagb-infobox-margin-wrapper\"><div class=\"uagb-ifb-content\"><div class=\"uagb-ifb-title-wrap\"><\/div><p class=\"uagb-ifb-desc\"><strong>Sonic Signatures<\/strong><\/p><\/div><\/div><\/div>\n\n\n<div id=\"audioigniter-5097\" class=\"audioigniter-root\" data-player-type=\"full\" data-tracks-url=\"https:\/\/musixp.com\/en\/?audioigniter_playlist_id=5097\" data-display-track-no=\"true\" data-reverse-track-order=\"false\" data-display-tracklist-covers=\"true\" data-display-active-cover=\"true\" data-display-artist-names=\"true\" data-display-buy-buttons=\"true\" data-buy-buttons-target=\"true\" data-cycle-tracks=\"false\" data-display-credits=\"false\" data-display-tracklist=\"true\" data-allow-tracklist-toggle=\"true\" data-allow-tracklist-loop=\"true\" data-limit-tracklist-height=\"true\" data-volume=\"100\" data-tracklist-height=\"210\" ><\/div>\n\n\n\n<p style=\"margin-top:var(--wp--preset--spacing--60);margin-bottom:var(--wp--preset--spacing--60)\">\u00a9 2025 MusiXP \u2013 All rights reserved.<br>The content (music &amp; images) on this site is the exclusive property of MusiXP. Any reproduction or use without permission is prohibited. For any usage or licensing requests, please contact me.<\/p>\n\n\n\n<p><\/p>","protected":false},"excerpt":{"rendered":"<p>\u00a9 2025 MusiXP \u2013 Tous droits r\u00e9serv\u00e9s.Les contenus (musiques &amp; images) pr\u00e9sents sur ce site sont la propri\u00e9t\u00e9 exclusive de MusiXP. Toute reproduction ou utilisation sans autorisation est interdite. Pour toute demande d&rsquo;utilisation ou de licence, merci de me contacter.<\/p>","protected":false},"author":1,"featured_media":4646,"parent":0,"menu_order":0,"comment_status":"closed","ping_status":"closed","template":"elementor_header_footer","meta":{"_uag_custom_page_level_css":"","site-sidebar-layout":"default","site-content-layout":"","ast-site-content-layout":"default","site-content-style":"default","site-sidebar-style":"default","ast-global-header-display":"","ast-banner-title-visibility":"","ast-main-header-display":"","ast-hfb-above-header-display":"","ast-hfb-below-header-display":"","ast-hfb-mobile-header-display":"","site-post-title":"disabled","ast-breadcrumbs-content":"","ast-featured-img":"","footer-sml-layout":"","ast-disable-related-posts":"","theme-transparent-header-meta":"","adv-header-id-meta":"","stick-header-meta":"","header-above-stick-meta":"","header-main-stick-meta":"","header-below-stick-meta":"","astra-migrate-meta-layouts":"set","ast-page-background-enabled":"default","ast-page-background-meta":{"desktop":{"background-color":"","background-image":"","background-repeat":"repeat","background-position":"center center","background-size":"auto","background-attachment":"scroll","background-type":"","background-media":"","overlay-type":"","overlay-color":"","overlay-opacity":"","overlay-gradient":""},"tablet":{"background-color":"","background-image":"","background-repeat":"repeat","background-position":"center center","background-size":"auto","background-attachment":"scroll","background-type":"","background-media":"","overlay-type":"","overlay-color":"","overlay-opacity":"","overlay-gradient":""},"mobile":{"background-color":"","background-image":"","background-repeat":"repeat","background-position":"center center","background-size":"auto","background-attachment":"scroll","background-type":"","background-media":"","overlay-type":"","overlay-color":"","overlay-opacity":"","overlay-gradient":""}},"ast-content-background-meta":{"desktop":{"background-color":"var(--ast-global-color-5)","background-image":"","background-repeat":"repeat","background-position":"center center","background-size":"auto","background-attachment":"scroll","background-type":"","background-media":"","overlay-type":"","overlay-color":"","overlay-opacity":"","overlay-gradient":""},"tablet":{"background-color":"var(--ast-global-color-5)","background-image":"","background-repeat":"repeat","background-position":"center center","background-size":"auto","background-attachment":"scroll","background-type":"","background-media":"","overlay-type":"","overlay-color":"","overlay-opacity":"","overlay-gradient":""},"mobile":{"background-color":"var(--ast-global-color-5)","background-image":"","background-repeat":"repeat","background-position":"center center","background-size":"auto","background-attachment":"scroll","background-type":"","background-media":"","overlay-type":"","overlay-color":"","overlay-opacity":"","overlay-gradient":""}},"footnotes":""},"class_list":["post-3257","page","type-page","status-publish","has-post-thumbnail","hentry"],"yoast_head":"<!-- This site is optimized with the Yoast SEO plugin v27.4 - https:\/\/yoast.com\/product\/yoast-seo-wordpress\/ -->\n<title>R\u00e9alisations MusiXP | Portfolio Sonore<\/title>\n<meta name=\"description\" content=\"D\u00e9couvrez une s\u00e9lection de nos cr\u00e9ations musicales et logos sonores au service des marques et de leur image.\" \/>\n<meta name=\"robots\" content=\"index, follow, max-snippet:-1, max-image-preview:large, max-video-preview:-1\" \/>\n<link rel=\"canonical\" href=\"https:\/\/musixp.com\/en\/realisations\/\" \/>\n<meta property=\"og:locale\" content=\"en_GB\" \/>\n<meta property=\"og:type\" content=\"article\" \/>\n<meta property=\"og:title\" content=\"R\u00e9alisations MusiXP | Portfolio Sonore\" \/>\n<meta property=\"og:description\" content=\"D\u00e9couvrez une s\u00e9lection de nos cr\u00e9ations musicales et logos sonores au service des marques et de leur image.\" \/>\n<meta property=\"og:url\" content=\"https:\/\/musixp.com\/en\/realisations\/\" \/>\n<meta property=\"article:modified_time\" content=\"2026-03-09T15:26:24+00:00\" \/>\n<meta property=\"og:image\" content=\"https:\/\/musixp.com\/wp-content\/uploads\/2025\/05\/Talma-Fragrance-MusiXP-scaled.jpeg\" \/>\n\t<meta property=\"og:image:width\" content=\"2560\" \/>\n\t<meta property=\"og:image:height\" content=\"2560\" \/>\n\t<meta property=\"og:image:type\" content=\"image\/jpeg\" \/>\n<meta name=\"twitter:card\" content=\"summary_large_image\" \/>\n<meta name=\"twitter:site\" content=\"@thibautgerhardt\" \/>\n<meta name=\"twitter:label1\" content=\"Estimated reading time\" \/>\n\t<meta name=\"twitter:data1\" content=\"1 minute\" \/>\n<script type=\"application\/ld+json\" class=\"yoast-schema-graph\">{\"@context\":\"https:\\\/\\\/schema.org\",\"@graph\":[{\"@type\":\"WebPage\",\"@id\":\"https:\\\/\\\/musixp.com\\\/realisations\\\/\",\"url\":\"https:\\\/\\\/musixp.com\\\/realisations\\\/\",\"name\":\"R\u00e9alisations MusiXP | Portfolio Sonore\",\"isPartOf\":{\"@id\":\"https:\\\/\\\/musixp.com\\\/#website\"},\"primaryImageOfPage\":{\"@id\":\"https:\\\/\\\/musixp.com\\\/realisations\\\/#primaryimage\"},\"image\":{\"@id\":\"https:\\\/\\\/musixp.com\\\/realisations\\\/#primaryimage\"},\"thumbnailUrl\":\"https:\\\/\\\/musixp.com\\\/wp-content\\\/uploads\\\/2025\\\/05\\\/Talma-Fragrance-MusiXP-scaled.jpeg\",\"datePublished\":\"2025-05-14T21:55:00+00:00\",\"dateModified\":\"2026-03-09T15:26:24+00:00\",\"description\":\"D\u00e9couvrez une s\u00e9lection de nos cr\u00e9ations musicales et logos sonores au service des marques et de leur image.\",\"breadcrumb\":{\"@id\":\"https:\\\/\\\/musixp.com\\\/realisations\\\/#breadcrumb\"},\"inLanguage\":\"en-GB\",\"potentialAction\":[{\"@type\":\"ReadAction\",\"target\":[\"https:\\\/\\\/musixp.com\\\/realisations\\\/\"]}]},{\"@type\":\"ImageObject\",\"inLanguage\":\"en-GB\",\"@id\":\"https:\\\/\\\/musixp.com\\\/realisations\\\/#primaryimage\",\"url\":\"https:\\\/\\\/musixp.com\\\/wp-content\\\/uploads\\\/2025\\\/05\\\/Talma-Fragrance-MusiXP-scaled.jpeg\",\"contentUrl\":\"https:\\\/\\\/musixp.com\\\/wp-content\\\/uploads\\\/2025\\\/05\\\/Talma-Fragrance-MusiXP-scaled.jpeg\",\"width\":2560,\"height\":2560},{\"@type\":\"BreadcrumbList\",\"@id\":\"https:\\\/\\\/musixp.com\\\/realisations\\\/#breadcrumb\",\"itemListElement\":[{\"@type\":\"ListItem\",\"position\":1,\"name\":\"Accueil\",\"item\":\"https:\\\/\\\/musixp.com\\\/\"},{\"@type\":\"ListItem\",\"position\":2,\"name\":\"R\u00e9alisations MusiXP | Portfolio Sonore\"}]},{\"@type\":\"WebSite\",\"@id\":\"https:\\\/\\\/musixp.com\\\/#website\",\"url\":\"https:\\\/\\\/musixp.com\\\/\",\"name\":\"MusiXP\",\"description\":\"CRAFTING SOUND - ELEVATING STORIES\",\"publisher\":{\"@id\":\"https:\\\/\\\/musixp.com\\\/#organization\"},\"potentialAction\":[{\"@type\":\"SearchAction\",\"target\":{\"@type\":\"EntryPoint\",\"urlTemplate\":\"https:\\\/\\\/musixp.com\\\/?s={search_term_string}\"},\"query-input\":{\"@type\":\"PropertyValueSpecification\",\"valueRequired\":true,\"valueName\":\"search_term_string\"}}],\"inLanguage\":\"en-GB\"},{\"@type\":\"Organization\",\"@id\":\"https:\\\/\\\/musixp.com\\\/#organization\",\"name\":\"MusiXP\",\"url\":\"https:\\\/\\\/musixp.com\\\/\",\"logo\":{\"@type\":\"ImageObject\",\"inLanguage\":\"en-GB\",\"@id\":\"https:\\\/\\\/musixp.com\\\/#\\\/schema\\\/logo\\\/image\\\/\",\"url\":\"https:\\\/\\\/musixp.com\\\/wp-content\\\/uploads\\\/2025\\\/05\\\/MusiXP-logo-test-seo-scaled.jpg\",\"contentUrl\":\"https:\\\/\\\/musixp.com\\\/wp-content\\\/uploads\\\/2025\\\/05\\\/MusiXP-logo-test-seo-scaled.jpg\",\"width\":2560,\"height\":1077,\"caption\":\"MusiXP\"},\"image\":{\"@id\":\"https:\\\/\\\/musixp.com\\\/#\\\/schema\\\/logo\\\/image\\\/\"},\"sameAs\":[\"https:\\\/\\\/x.com\\\/thibautgerhardt\",\"https:\\\/\\\/www.linkedin.com\\\/company\\\/musixp\\\/\",\"https:\\\/\\\/www.instagram.com\\\/musi.xp\"]}]}<\/script>\n<!-- \/ Yoast SEO plugin. -->","yoast_head_json":{"title":"R\u00e9alisations MusiXP | Portfolio Sonore","description":"D\u00e9couvrez une s\u00e9lection de nos cr\u00e9ations musicales et logos sonores au service des marques et de leur image.","robots":{"index":"index","follow":"follow","max-snippet":"max-snippet:-1","max-image-preview":"max-image-preview:large","max-video-preview":"max-video-preview:-1"},"canonical":"https:\/\/musixp.com\/en\/realisations\/","og_locale":"en_GB","og_type":"article","og_title":"R\u00e9alisations MusiXP | Portfolio Sonore","og_description":"D\u00e9couvrez une s\u00e9lection de nos cr\u00e9ations musicales et logos sonores au service des marques et de leur image.","og_url":"https:\/\/musixp.com\/en\/realisations\/","article_modified_time":"2026-03-09T15:26:24+00:00","og_image":[{"width":2560,"height":2560,"url":"https:\/\/musixp.com\/wp-content\/uploads\/2025\/05\/Talma-Fragrance-MusiXP-scaled.jpeg","type":"image\/jpeg"}],"twitter_card":"summary_large_image","twitter_site":"@thibautgerhardt","twitter_misc":{"Estimated reading time":"1 minute"},"schema":{"@context":"https:\/\/schema.org","@graph":[{"@type":"WebPage","@id":"https:\/\/musixp.com\/realisations\/","url":"https:\/\/musixp.com\/realisations\/","name":"R\u00e9alisations MusiXP | Portfolio Sonore","isPartOf":{"@id":"https:\/\/musixp.com\/#website"},"primaryImageOfPage":{"@id":"https:\/\/musixp.com\/realisations\/#primaryimage"},"image":{"@id":"https:\/\/musixp.com\/realisations\/#primaryimage"},"thumbnailUrl":"https:\/\/musixp.com\/wp-content\/uploads\/2025\/05\/Talma-Fragrance-MusiXP-scaled.jpeg","datePublished":"2025-05-14T21:55:00+00:00","dateModified":"2026-03-09T15:26:24+00:00","description":"D\u00e9couvrez une s\u00e9lection de nos cr\u00e9ations musicales et logos sonores au service des marques et de leur image.","breadcrumb":{"@id":"https:\/\/musixp.com\/realisations\/#breadcrumb"},"inLanguage":"en-GB","potentialAction":[{"@type":"ReadAction","target":["https:\/\/musixp.com\/realisations\/"]}]},{"@type":"ImageObject","inLanguage":"en-GB","@id":"https:\/\/musixp.com\/realisations\/#primaryimage","url":"https:\/\/musixp.com\/wp-content\/uploads\/2025\/05\/Talma-Fragrance-MusiXP-scaled.jpeg","contentUrl":"https:\/\/musixp.com\/wp-content\/uploads\/2025\/05\/Talma-Fragrance-MusiXP-scaled.jpeg","width":2560,"height":2560},{"@type":"BreadcrumbList","@id":"https:\/\/musixp.com\/realisations\/#breadcrumb","itemListElement":[{"@type":"ListItem","position":1,"name":"Accueil","item":"https:\/\/musixp.com\/"},{"@type":"ListItem","position":2,"name":"R\u00e9alisations MusiXP | Portfolio Sonore"}]},{"@type":"WebSite","@id":"https:\/\/musixp.com\/#website","url":"https:\/\/musixp.com\/","name":"MusiXP","description":"CRAFTING SOUND - ELEVATING STORIES","publisher":{"@id":"https:\/\/musixp.com\/#organization"},"potentialAction":[{"@type":"SearchAction","target":{"@type":"EntryPoint","urlTemplate":"https:\/\/musixp.com\/?s={search_term_string}"},"query-input":{"@type":"PropertyValueSpecification","valueRequired":true,"valueName":"search_term_string"}}],"inLanguage":"en-GB"},{"@type":"Organization","@id":"https:\/\/musixp.com\/#organization","name":"MusiXP","url":"https:\/\/musixp.com\/","logo":{"@type":"ImageObject","inLanguage":"en-GB","@id":"https:\/\/musixp.com\/#\/schema\/logo\/image\/","url":"https:\/\/musixp.com\/wp-content\/uploads\/2025\/05\/MusiXP-logo-test-seo-scaled.jpg","contentUrl":"https:\/\/musixp.com\/wp-content\/uploads\/2025\/05\/MusiXP-logo-test-seo-scaled.jpg","width":2560,"height":1077,"caption":"MusiXP"},"image":{"@id":"https:\/\/musixp.com\/#\/schema\/logo\/image\/"},"sameAs":["https:\/\/x.com\/thibautgerhardt","https:\/\/www.linkedin.com\/company\/musixp\/","https:\/\/www.instagram.com\/musi.xp"]}]}},"uagb_featured_image_src":{"full":["https:\/\/musixp.com\/wp-content\/uploads\/2025\/05\/Talma-Fragrance-MusiXP-scaled.jpeg",2560,2560,false],"thumbnail":["https:\/\/musixp.com\/wp-content\/uploads\/2025\/05\/Talma-Fragrance-MusiXP-150x150.jpeg",150,150,true],"medium":["https:\/\/musixp.com\/wp-content\/uploads\/2025\/05\/Talma-Fragrance-MusiXP-300x300.jpeg",300,300,true],"medium_large":["https:\/\/musixp.com\/wp-content\/uploads\/2025\/05\/Talma-Fragrance-MusiXP-768x768.jpeg",768,768,true],"large":["https:\/\/musixp.com\/wp-content\/uploads\/2025\/05\/Talma-Fragrance-MusiXP-1024x1024.jpeg",1024,1024,true],"1536x1536":["https:\/\/musixp.com\/wp-content\/uploads\/2025\/05\/Talma-Fragrance-MusiXP-1536x1536.jpeg",1536,1536,true],"2048x2048":["https:\/\/musixp.com\/wp-content\/uploads\/2025\/05\/Talma-Fragrance-MusiXP-2048x2048.jpeg",2048,2048,true],"trp-custom-language-flag":["https:\/\/musixp.com\/wp-content\/uploads\/2025\/05\/Talma-Fragrance-MusiXP-12x12.jpeg",12,12,true],"audioigniter_cover":["https:\/\/musixp.com\/wp-content\/uploads\/2025\/05\/Talma-Fragrance-MusiXP-scaled.jpeg",560,560,false]},"uagb_author_info":{"display_name":"thibaut.gerhardt@gmail.com","author_link":"https:\/\/musixp.com\/en\/author\/thibaut-gerhardtgmail-com\/"},"uagb_comment_info":0,"uagb_excerpt":"\u00a9 2025 MusiXP \u2013 Tous droits r\u00e9serv\u00e9s.Les contenus (musiques &amp; images) pr\u00e9sents sur ce site sont la propri\u00e9t\u00e9 exclusive de MusiXP. Toute reproduction ou utilisation sans autorisation est interdite. Pour toute demande d&rsquo;utilisation ou de licence, merci de me contacter.","_links":{"self":[{"href":"https:\/\/musixp.com\/en\/wp-json\/wp\/v2\/pages\/3257","targetHints":{"allow":["GET"]}}],"collection":[{"href":"https:\/\/musixp.com\/en\/wp-json\/wp\/v2\/pages"}],"about":[{"href":"https:\/\/musixp.com\/en\/wp-json\/wp\/v2\/types\/page"}],"author":[{"embeddable":true,"href":"https:\/\/musixp.com\/en\/wp-json\/wp\/v2\/users\/1"}],"replies":[{"embeddable":true,"href":"https:\/\/musixp.com\/en\/wp-json\/wp\/v2\/comments?post=3257"}],"version-history":[{"count":174,"href":"https:\/\/musixp.com\/en\/wp-json\/wp\/v2\/pages\/3257\/revisions"}],"predecessor-version":[{"id":5312,"href":"https:\/\/musixp.com\/en\/wp-json\/wp\/v2\/pages\/3257\/revisions\/5312"}],"wp:featuredmedia":[{"embeddable":true,"href":"https:\/\/musixp.com\/en\/wp-json\/wp\/v2\/media\/4646"}],"wp:attachment":[{"href":"https:\/\/musixp.com\/en\/wp-json\/wp\/v2\/media?parent=3257"}],"curies":[{"name":"wp","href":"https:\/\/api.w.org\/{rel}","templated":true}]}}