{"id":556,"date":"2025-05-14T08:46:47","date_gmt":"2025-05-14T08:46:47","guid":{"rendered":"https:\/\/musixp.com\/home\/"},"modified":"2026-03-09T14:57:38","modified_gmt":"2026-03-09T14:57:38","slug":"accueil","status":"publish","type":"page","link":"https:\/\/musixp.com\/en\/","title":{"rendered":"MusiXP |\u00a0Agence Musicale &#8211; Strat\u00e9gie Sonore"},"content":{"rendered":"<div class=\"wp-block-columns is-layout-flex wp-container-core-columns-is-layout-159f51c6 wp-block-columns-is-layout-flex\" style=\"margin-top:0\">\n<div class=\"wp-block-column is-layout-flow wp-block-column-is-layout-flow\" style=\"padding-top:0;flex-basis:100%\">\n<div class=\"wp-block-uagb-container uagb-block-3067550d alignfull uagb-is-root-container\"><div class=\"uagb-container-inner-blocks-wrap\">\n<div class=\"wp-block-uagb-info-box uagb-block-d03a73e8 uagb-infobox__content-wrap  uagb-infobox-icon-above-title uagb-infobox-image-valign-top wp-block-uagb-info-box--has-margin\"><div class=\"uagb-infobox-margin-wrapper\"><div class=\"uagb-ifb-content\"><div class=\"uagb-ifb-title-wrap\"><h1 class=\"uagb-ifb-title\">Music Agency<\/h1><\/div><\/div><\/div><\/div>\n\n\n\n<div class=\"wp-block-group is-layout-constrained wp-block-group-is-layout-constrained\">\n<div class=\"wp-block-uagb-info-box uagb-block-5167be57 uagb-infobox__content-wrap  uagb-infobox-icon-above-title uagb-infobox-image-valign-top wp-block-uagb-info-box--has-margin\"><div class=\"uagb-infobox-margin-wrapper\"><div class=\"uagb-ifb-content\"><div class=\"uagb-ifb-title-wrap\"><\/div><p class=\"uagb-ifb-desc\">Consulting, Sound Design &amp; Music Supervision<\/p><\/div><\/div><\/div>\n\n\n\n<p class=\"has-text-align-center\">&#8211;<\/p>\n<\/div>\n\n\n\n<div class=\"wp-block-uagb-info-box uagb-block-72b845e6 uagb-infobox__content-wrap  uagb-infobox-icon-above-title uagb-infobox-image-valign-top wp-block-uagb-info-box--has-margin\"><div class=\"uagb-infobox-margin-wrapper\"><div class=\"uagb-ifb-content\"><div class=\"uagb-ifb-title-wrap\"><\/div><p class=\"uagb-ifb-desc\">MusiXP aims to craft emotions, nurture brand DNA, strengthen storytelling, <br>and enrich the customer experience through authentic collaborations.<br><br>We give brands a voice through sound and music across every touchpoint, <br>from media content to physical spaces and live experiences.<\/p><\/div><\/div><\/div>\n\n\n\n<p class=\"has-text-align-center\" style=\"margin-bottom:var(--wp--preset--spacing--30)\">&#8211;<\/p>\n\n\n\n<div class=\"wp-block-columns is-layout-flex wp-container-core-columns-is-layout-36caf46c wp-block-columns-is-layout-flex\" style=\"padding-left:0\">\n<div class=\"wp-block-column is-layout-flow wp-block-column-is-layout-flow\" style=\"padding-top:0\">\n<div class=\"wp-block-uagb-icon-list uagb-block-dd919fa2\"><div class=\"uagb-icon-list__wrap\">\n<div class=\"wp-block-uagb-icon-list-child uagb-block-e971ae99\"><a target=\"_self\" aria-label=\"Sonic Identity &amp; Branding\" rel=\"noopener noreferrer\" href=\"https:\/\/musixp.com\/en\/savoir-faire\/\"> <\/a><span class=\"uagb-icon-list__source-wrap\"><svg xmlns=\"https:\/\/www.w3.org\/2000\/svg\" viewbox=\"0 0 512 512\"><path d=\"M256 0C114.6 0 0 114.6 0 256c0 141.4 114.6 256 256 256s256-114.6 256-256C512 114.6 397.4 0 256 0zM406.6 278.6l-103.1 103.1c-12.5 12.5-32.75 12.5-45.25 0s-12.5-32.75 0-45.25L306.8 288H128C110.3 288 96 273.7 96 256s14.31-32 32-32h178.8l-49.38-49.38c-12.5-12.5-12.5-32.75 0-45.25s32.75-12.5 45.25 0l103.1 103.1C414.6 241.3 416 251.1 416 256C416 260.9 414.6 270.7 406.6 278.6z\"><\/path><\/svg><\/span><span class=\"uagb-icon-list__label\">Sonic Identity &amp; Branding<\/span><\/div>\n<\/div><\/div>\n<\/div>\n\n\n\n<div class=\"wp-block-column is-layout-flow wp-block-column-is-layout-flow\">\n<div class=\"wp-block-uagb-icon-list uagb-block-442c2e32\"><div class=\"uagb-icon-list__wrap\">\n<div class=\"wp-block-uagb-icon-list-child uagb-block-d4e386f0\"><a target=\"_self\" aria-label=\"Branded Environments &amp; Activations\" rel=\"noopener noreferrer\" href=\"https:\/\/musixp.com\/en\/savoir-faire\/\"> <\/a><span class=\"uagb-icon-list__source-wrap\"><svg xmlns=\"https:\/\/www.w3.org\/2000\/svg\" viewbox=\"0 0 512 512\"><path d=\"M256 0C114.6 0 0 114.6 0 256c0 141.4 114.6 256 256 256s256-114.6 256-256C512 114.6 397.4 0 256 0zM406.6 278.6l-103.1 103.1c-12.5 12.5-32.75 12.5-45.25 0s-12.5-32.75 0-45.25L306.8 288H128C110.3 288 96 273.7 96 256s14.31-32 32-32h178.8l-49.38-49.38c-12.5-12.5-12.5-32.75 0-45.25s32.75-12.5 45.25 0l103.1 103.1C414.6 241.3 416 251.1 416 256C416 260.9 414.6 270.7 406.6 278.6z\"><\/path><\/svg><\/span><span class=\"uagb-icon-list__label\">Branded Environments &amp; Activations<\/span><\/div>\n<\/div><\/div>\n<\/div>\n<\/div>\n\n\n\n<div class=\"wp-block-columns is-layout-flex wp-container-core-columns-is-layout-28f84493 wp-block-columns-is-layout-flex\">\n<div class=\"wp-block-column is-layout-flow wp-block-column-is-layout-flow\">\n<figure class=\"wp-block-image size-large\" style=\"margin-bottom:var(--wp--preset--spacing--30)\"><img fetchpriority=\"high\" decoding=\"async\" width=\"818\" height=\"1024\" src=\"https:\/\/musixp.com\/wp-content\/uploads\/2025\/05\/Studio-design-sonore-MusiXP-818x1024.jpg\" alt=\"\" class=\"wp-image-4632\" srcset=\"https:\/\/musixp.com\/wp-content\/uploads\/2025\/05\/Studio-design-sonore-MusiXP-818x1024.jpg 818w, https:\/\/musixp.com\/wp-content\/uploads\/2025\/05\/Studio-design-sonore-MusiXP-240x300.jpg 240w, https:\/\/musixp.com\/wp-content\/uploads\/2025\/05\/Studio-design-sonore-MusiXP-768x961.jpg 768w, https:\/\/musixp.com\/wp-content\/uploads\/2025\/05\/Studio-design-sonore-MusiXP-1227x1536.jpg 1227w, https:\/\/musixp.com\/wp-content\/uploads\/2025\/05\/Studio-design-sonore-MusiXP-1636x2048.jpg 1636w, https:\/\/musixp.com\/wp-content\/uploads\/2025\/05\/Studio-design-sonore-MusiXP-10x12.jpg 10w, https:\/\/musixp.com\/wp-content\/uploads\/2025\/05\/Studio-design-sonore-MusiXP-scaled.jpg 2045w\" sizes=\"(max-width: 818px) 100vw, 818px\" \/><\/figure>\n<\/div>\n\n\n\n<div class=\"wp-block-column is-layout-flow wp-block-column-is-layout-flow\">\n<figure class=\"wp-block-image size-large\" style=\"margin-bottom:var(--wp--preset--spacing--30)\"><img decoding=\"async\" width=\"818\" height=\"1024\" src=\"https:\/\/musixp.com\/wp-content\/uploads\/2025\/05\/Studio-enregistrement-MusiXP-agence-musicale-1-818x1024.jpg\" alt=\"\" class=\"wp-image-4631\" srcset=\"https:\/\/musixp.com\/wp-content\/uploads\/2025\/05\/Studio-enregistrement-MusiXP-agence-musicale-1-818x1024.jpg 818w, https:\/\/musixp.com\/wp-content\/uploads\/2025\/05\/Studio-enregistrement-MusiXP-agence-musicale-1-240x300.jpg 240w, https:\/\/musixp.com\/wp-content\/uploads\/2025\/05\/Studio-enregistrement-MusiXP-agence-musicale-1-768x961.jpg 768w, https:\/\/musixp.com\/wp-content\/uploads\/2025\/05\/Studio-enregistrement-MusiXP-agence-musicale-1-1227x1536.jpg 1227w, https:\/\/musixp.com\/wp-content\/uploads\/2025\/05\/Studio-enregistrement-MusiXP-agence-musicale-1-1636x2048.jpg 1636w, https:\/\/musixp.com\/wp-content\/uploads\/2025\/05\/Studio-enregistrement-MusiXP-agence-musicale-1-10x12.jpg 10w, https:\/\/musixp.com\/wp-content\/uploads\/2025\/05\/Studio-enregistrement-MusiXP-agence-musicale-1-scaled.jpg 2045w\" sizes=\"(max-width: 818px) 100vw, 818px\" \/><\/figure>\n<\/div>\n\n\n\n<div class=\"wp-block-column is-layout-flow wp-block-column-is-layout-flow\">\n<figure class=\"wp-block-image size-large\" style=\"margin-bottom:var(--wp--preset--spacing--60)\"><img decoding=\"async\" width=\"818\" height=\"1024\" src=\"https:\/\/musixp.com\/wp-content\/uploads\/2025\/05\/Piano-MusiXP-agence-musicale-818x1024.jpg\" alt=\"\" class=\"wp-image-4629\" srcset=\"https:\/\/musixp.com\/wp-content\/uploads\/2025\/05\/Piano-MusiXP-agence-musicale-818x1024.jpg 818w, https:\/\/musixp.com\/wp-content\/uploads\/2025\/05\/Piano-MusiXP-agence-musicale-240x300.jpg 240w, https:\/\/musixp.com\/wp-content\/uploads\/2025\/05\/Piano-MusiXP-agence-musicale-768x961.jpg 768w, https:\/\/musixp.com\/wp-content\/uploads\/2025\/05\/Piano-MusiXP-agence-musicale-1227x1536.jpg 1227w, https:\/\/musixp.com\/wp-content\/uploads\/2025\/05\/Piano-MusiXP-agence-musicale-1636x2048.jpg 1636w, https:\/\/musixp.com\/wp-content\/uploads\/2025\/05\/Piano-MusiXP-agence-musicale-10x12.jpg 10w, https:\/\/musixp.com\/wp-content\/uploads\/2025\/05\/Piano-MusiXP-agence-musicale-scaled.jpg 2045w\" sizes=\"(max-width: 818px) 100vw, 818px\" \/><\/figure>\n<\/div>\n<\/div>\n\n\n\n<figure class=\"wp-block-image size-large is-resized\" style=\"margin-bottom:var(--wp--preset--spacing--60)\"><img loading=\"lazy\" decoding=\"async\" width=\"1024\" height=\"305\" src=\"https:\/\/musixp.com\/wp-content\/uploads\/2025\/05\/MusiXP-luxury-banner-1024x305.jpg\" alt=\"\" class=\"wp-image-4628\" style=\"width:1200px;height:auto\" srcset=\"https:\/\/musixp.com\/wp-content\/uploads\/2025\/05\/MusiXP-luxury-banner-1024x305.jpg 1024w, https:\/\/musixp.com\/wp-content\/uploads\/2025\/05\/MusiXP-luxury-banner-300x89.jpg 300w, https:\/\/musixp.com\/wp-content\/uploads\/2025\/05\/MusiXP-luxury-banner-768x229.jpg 768w, https:\/\/musixp.com\/wp-content\/uploads\/2025\/05\/MusiXP-luxury-banner-1536x457.jpg 1536w, https:\/\/musixp.com\/wp-content\/uploads\/2025\/05\/MusiXP-luxury-banner-2048x609.jpg 2048w, https:\/\/musixp.com\/wp-content\/uploads\/2025\/05\/MusiXP-luxury-banner-18x5.jpg 18w\" sizes=\"(max-width: 1024px) 100vw, 1024px\" \/><\/figure>\n<\/div><\/div>\n<\/div>\n<\/div>","protected":false},"excerpt":{"rendered":"<p>&#8211; &#8211;<\/p>","protected":false},"author":1,"featured_media":4715,"parent":0,"menu_order":0,"comment_status":"closed","ping_status":"closed","template":"elementor_header_footer","meta":{"_uag_custom_page_level_css":"","site-sidebar-layout":"no-sidebar","site-content-layout":"page-builder","ast-site-content-layout":"full-width-container","site-content-style":"unboxed","site-sidebar-style":"unboxed","ast-global-header-display":"","ast-banner-title-visibility":"","ast-main-header-display":"","ast-hfb-above-header-display":"","ast-hfb-below-header-display":"","ast-hfb-mobile-header-display":"","site-post-title":"disabled","ast-breadcrumbs-content":"","ast-featured-img":"disabled","footer-sml-layout":"","theme-transparent-header-meta":"enabled","adv-header-id-meta":"","stick-header-meta":"","header-above-stick-meta":"","header-main-stick-meta":"","header-below-stick-meta":"","astra-migrate-meta-layouts":"set","ast-page-background-enabled":"default","ast-page-background-meta":{"desktop":{"background-color":"","background-image":"","background-repeat":"repeat","background-position":"center center","background-size":"auto","background-attachment":"scroll","background-type":"","background-media":"","overlay-type":"","overlay-color":"","overlay-opacity":"","overlay-gradient":""},"tablet":{"background-color":"","background-image":"","background-repeat":"repeat","background-position":"center center","background-size":"auto","background-attachment":"scroll","background-type":"","background-media":"","overlay-type":"","overlay-color":"","overlay-opacity":"","overlay-gradient":""},"mobile":{"background-color":"","background-image":"","background-repeat":"repeat","background-position":"center center","background-size":"auto","background-attachment":"scroll","background-type":"","background-media":"","overlay-type":"","overlay-color":"","overlay-opacity":"","overlay-gradient":""}},"ast-content-background-meta":{"desktop":{"background-color":"var(--ast-global-color-5)","background-image":"","background-repeat":"repeat","background-position":"center center","background-size":"auto","background-attachment":"scroll","background-type":"","background-media":"","overlay-type":"","overlay-color":"","overlay-opacity":"","overlay-gradient":""},"tablet":{"background-color":"var(--ast-global-color-5)","background-image":"","background-repeat":"repeat","background-position":"center center","background-size":"auto","background-attachment":"scroll","background-type":"","background-media":"","overlay-type":"","overlay-color":"","overlay-opacity":"","overlay-gradient":""},"mobile":{"background-color":"var(--ast-global-color-5)","background-image":"","background-repeat":"repeat","background-position":"center center","background-size":"auto","background-attachment":"scroll","background-type":"","background-media":"","overlay-type":"","overlay-color":"","overlay-opacity":"","overlay-gradient":""}},"footnotes":""},"class_list":["post-556","page","type-page","status-publish","has-post-thumbnail","hentry"],"yoast_head":"<!-- This site is optimized with the Yoast SEO plugin v27.1.1 - https:\/\/yoast.com\/product\/yoast-seo-wordpress\/ -->\n<title>MusiXP |\u00a0Agence Musicale - Strat\u00e9gie Sonore<\/title>\n<meta name=\"description\" content=\"MusiXP est une agence musicale sp\u00e9cialis\u00e9e dans la cr\u00e9ation sonore et la supervision musicale pour les marques et les \u00e9v\u00e9nements.\" \/>\n<meta name=\"robots\" content=\"index, follow, max-snippet:-1, max-image-preview:large, max-video-preview:-1\" \/>\n<link rel=\"canonical\" href=\"https:\/\/musixp.com\/en\/\" \/>\n<meta property=\"og:locale\" content=\"en_GB\" \/>\n<meta property=\"og:type\" content=\"article\" \/>\n<meta property=\"og:title\" content=\"MusiXP |\u00a0Agence Musicale - Strat\u00e9gie Sonore\" \/>\n<meta property=\"og:description\" content=\"MusiXP est une agence musicale sp\u00e9cialis\u00e9e dans la cr\u00e9ation sonore et la supervision musicale pour les marques et les \u00e9v\u00e9nements.\" \/>\n<meta property=\"og:url\" content=\"https:\/\/musixp.com\/en\/\" \/>\n<meta property=\"article:modified_time\" content=\"2026-03-09T14:57:38+00:00\" \/>\n<meta property=\"og:image\" content=\"https:\/\/musixp.com\/wp-content\/uploads\/2025\/05\/Logo-site-def-ok-seo.001.png\" \/>\n\t<meta property=\"og:image:width\" content=\"1200\" \/>\n\t<meta property=\"og:image:height\" content=\"630\" \/>\n\t<meta property=\"og:image:type\" content=\"image\/png\" \/>\n<meta name=\"twitter:card\" content=\"summary_large_image\" \/>\n<meta name=\"twitter:site\" content=\"@thibautgerhardt\" \/>\n<meta name=\"twitter:label1\" content=\"Estimated reading time\" \/>\n\t<meta name=\"twitter:data1\" content=\"2 minutes\" \/>\n<script type=\"application\/ld+json\" class=\"yoast-schema-graph\">{\"@context\":\"https:\/\/schema.org\",\"@graph\":[{\"@type\":\"WebPage\",\"@id\":\"https:\/\/musixp.com\/\",\"url\":\"https:\/\/musixp.com\/\",\"name\":\"MusiXP |\u00a0Agence Musicale - Strat\u00e9gie Sonore\",\"isPartOf\":{\"@id\":\"https:\/\/musixp.com\/#website\"},\"primaryImageOfPage\":{\"@id\":\"https:\/\/musixp.com\/#primaryimage\"},\"image\":{\"@id\":\"https:\/\/musixp.com\/#primaryimage\"},\"thumbnailUrl\":\"https:\/\/musixp.com\/wp-content\/uploads\/2025\/05\/Logo-site-def-ok-seo.001.png\",\"datePublished\":\"2025-05-14T08:46:47+00:00\",\"dateModified\":\"2026-03-09T14:57:38+00:00\",\"description\":\"MusiXP est une agence musicale sp\u00e9cialis\u00e9e dans la cr\u00e9ation sonore et la supervision musicale pour les marques et les \u00e9v\u00e9nements.\",\"breadcrumb\":{\"@id\":\"https:\/\/musixp.com\/#breadcrumb\"},\"inLanguage\":\"en-GB\",\"potentialAction\":[{\"@type\":\"ReadAction\",\"target\":[\"https:\/\/musixp.com\/\"]}]},{\"@type\":\"ImageObject\",\"inLanguage\":\"en-GB\",\"@id\":\"https:\/\/musixp.com\/#primaryimage\",\"url\":\"https:\/\/musixp.com\/wp-content\/uploads\/2025\/05\/Logo-site-def-ok-seo.001.png\",\"contentUrl\":\"https:\/\/musixp.com\/wp-content\/uploads\/2025\/05\/Logo-site-def-ok-seo.001.png\",\"width\":1200,\"height\":630},{\"@type\":\"BreadcrumbList\",\"@id\":\"https:\/\/musixp.com\/#breadcrumb\",\"itemListElement\":[{\"@type\":\"ListItem\",\"position\":1,\"name\":\"Accueil\",\"item\":\"https:\/\/musixp.com\/\"},{\"@type\":\"ListItem\",\"position\":2,\"name\":\"MusiXP |\u00a0Agence Musicale &#8211; Strat\u00e9gie Sonore\"}]},{\"@type\":\"WebSite\",\"@id\":\"https:\/\/musixp.com\/#website\",\"url\":\"https:\/\/musixp.com\/\",\"name\":\"MusiXP\",\"description\":\"CRAFTING SOUND - ELEVATING STORIES\",\"publisher\":{\"@id\":\"https:\/\/musixp.com\/#organization\"},\"potentialAction\":[{\"@type\":\"SearchAction\",\"target\":{\"@type\":\"EntryPoint\",\"urlTemplate\":\"https:\/\/musixp.com\/?s={search_term_string}\"},\"query-input\":{\"@type\":\"PropertyValueSpecification\",\"valueRequired\":true,\"valueName\":\"search_term_string\"}}],\"inLanguage\":\"en-GB\"},{\"@type\":\"Organization\",\"@id\":\"https:\/\/musixp.com\/#organization\",\"name\":\"MusiXP\",\"url\":\"https:\/\/musixp.com\/\",\"logo\":{\"@type\":\"ImageObject\",\"inLanguage\":\"en-GB\",\"@id\":\"https:\/\/musixp.com\/#\/schema\/logo\/image\/\",\"url\":\"https:\/\/musixp.com\/wp-content\/uploads\/2025\/05\/MusiXP-logo-test-seo-scaled.jpg\",\"contentUrl\":\"https:\/\/musixp.com\/wp-content\/uploads\/2025\/05\/MusiXP-logo-test-seo-scaled.jpg\",\"width\":2560,\"height\":1077,\"caption\":\"MusiXP\"},\"image\":{\"@id\":\"https:\/\/musixp.com\/#\/schema\/logo\/image\/\"},\"sameAs\":[\"https:\/\/x.com\/thibautgerhardt\",\"https:\/\/www.linkedin.com\/company\/musixp\/\",\"https:\/\/www.instagram.com\/musi.xp\"]}]}<\/script>\n<!-- \/ Yoast SEO plugin. -->","yoast_head_json":{"title":"MusiXP |\u00a0Agence Musicale - Strat\u00e9gie Sonore","description":"MusiXP est une agence musicale sp\u00e9cialis\u00e9e dans la cr\u00e9ation sonore et la supervision musicale pour les marques et les \u00e9v\u00e9nements.","robots":{"index":"index","follow":"follow","max-snippet":"max-snippet:-1","max-image-preview":"max-image-preview:large","max-video-preview":"max-video-preview:-1"},"canonical":"https:\/\/musixp.com\/en\/","og_locale":"en_GB","og_type":"article","og_title":"MusiXP |\u00a0Agence Musicale - Strat\u00e9gie Sonore","og_description":"MusiXP est une agence musicale sp\u00e9cialis\u00e9e dans la cr\u00e9ation sonore et la supervision musicale pour les marques et les \u00e9v\u00e9nements.","og_url":"https:\/\/musixp.com\/en\/","article_modified_time":"2026-03-09T14:57:38+00:00","og_image":[{"width":1200,"height":630,"url":"https:\/\/musixp.com\/wp-content\/uploads\/2025\/05\/Logo-site-def-ok-seo.001.png","type":"image\/png"}],"twitter_card":"summary_large_image","twitter_site":"@thibautgerhardt","twitter_misc":{"Estimated reading time":"2 minutes"},"schema":{"@context":"https:\/\/schema.org","@graph":[{"@type":"WebPage","@id":"https:\/\/musixp.com\/","url":"https:\/\/musixp.com\/","name":"MusiXP |\u00a0Agence Musicale - Strat\u00e9gie Sonore","isPartOf":{"@id":"https:\/\/musixp.com\/#website"},"primaryImageOfPage":{"@id":"https:\/\/musixp.com\/#primaryimage"},"image":{"@id":"https:\/\/musixp.com\/#primaryimage"},"thumbnailUrl":"https:\/\/musixp.com\/wp-content\/uploads\/2025\/05\/Logo-site-def-ok-seo.001.png","datePublished":"2025-05-14T08:46:47+00:00","dateModified":"2026-03-09T14:57:38+00:00","description":"MusiXP est une agence musicale sp\u00e9cialis\u00e9e dans la cr\u00e9ation sonore et la supervision musicale pour les marques et les \u00e9v\u00e9nements.","breadcrumb":{"@id":"https:\/\/musixp.com\/#breadcrumb"},"inLanguage":"en-GB","potentialAction":[{"@type":"ReadAction","target":["https:\/\/musixp.com\/"]}]},{"@type":"ImageObject","inLanguage":"en-GB","@id":"https:\/\/musixp.com\/#primaryimage","url":"https:\/\/musixp.com\/wp-content\/uploads\/2025\/05\/Logo-site-def-ok-seo.001.png","contentUrl":"https:\/\/musixp.com\/wp-content\/uploads\/2025\/05\/Logo-site-def-ok-seo.001.png","width":1200,"height":630},{"@type":"BreadcrumbList","@id":"https:\/\/musixp.com\/#breadcrumb","itemListElement":[{"@type":"ListItem","position":1,"name":"Accueil","item":"https:\/\/musixp.com\/"},{"@type":"ListItem","position":2,"name":"MusiXP |\u00a0Agence Musicale &#8211; Strat\u00e9gie Sonore"}]},{"@type":"WebSite","@id":"https:\/\/musixp.com\/#website","url":"https:\/\/musixp.com\/","name":"MusiXP","description":"CRAFTING SOUND - ELEVATING STORIES","publisher":{"@id":"https:\/\/musixp.com\/#organization"},"potentialAction":[{"@type":"SearchAction","target":{"@type":"EntryPoint","urlTemplate":"https:\/\/musixp.com\/?s={search_term_string}"},"query-input":{"@type":"PropertyValueSpecification","valueRequired":true,"valueName":"search_term_string"}}],"inLanguage":"en-GB"},{"@type":"Organization","@id":"https:\/\/musixp.com\/#organization","name":"MusiXP","url":"https:\/\/musixp.com\/","logo":{"@type":"ImageObject","inLanguage":"en-GB","@id":"https:\/\/musixp.com\/#\/schema\/logo\/image\/","url":"https:\/\/musixp.com\/wp-content\/uploads\/2025\/05\/MusiXP-logo-test-seo-scaled.jpg","contentUrl":"https:\/\/musixp.com\/wp-content\/uploads\/2025\/05\/MusiXP-logo-test-seo-scaled.jpg","width":2560,"height":1077,"caption":"MusiXP"},"image":{"@id":"https:\/\/musixp.com\/#\/schema\/logo\/image\/"},"sameAs":["https:\/\/x.com\/thibautgerhardt","https:\/\/www.linkedin.com\/company\/musixp\/","https:\/\/www.instagram.com\/musi.xp"]}]}},"uagb_featured_image_src":{"full":["https:\/\/musixp.com\/wp-content\/uploads\/2025\/05\/Logo-site-def-ok-seo.001.png",1200,630,false],"thumbnail":["https:\/\/musixp.com\/wp-content\/uploads\/2025\/05\/Logo-site-def-ok-seo.001-150x150.png",150,150,true],"medium":["https:\/\/musixp.com\/wp-content\/uploads\/2025\/05\/Logo-site-def-ok-seo.001-300x158.png",300,158,true],"medium_large":["https:\/\/musixp.com\/wp-content\/uploads\/2025\/05\/Logo-site-def-ok-seo.001-768x403.png",768,403,true],"large":["https:\/\/musixp.com\/wp-content\/uploads\/2025\/05\/Logo-site-def-ok-seo.001-1024x538.png",1024,538,true],"1536x1536":["https:\/\/musixp.com\/wp-content\/uploads\/2025\/05\/Logo-site-def-ok-seo.001.png",1200,630,false],"2048x2048":["https:\/\/musixp.com\/wp-content\/uploads\/2025\/05\/Logo-site-def-ok-seo.001.png",1200,630,false],"trp-custom-language-flag":["https:\/\/musixp.com\/wp-content\/uploads\/2025\/05\/Logo-site-def-ok-seo.001-18x9.png",18,9,true],"audioigniter_cover":["https:\/\/musixp.com\/wp-content\/uploads\/2025\/05\/Logo-site-def-ok-seo.001.png",560,294,false]},"uagb_author_info":{"display_name":"thibaut.gerhardt@gmail.com","author_link":"https:\/\/musixp.com\/en\/author\/thibaut-gerhardtgmail-com\/"},"uagb_comment_info":0,"uagb_excerpt":"&#8211; &#8211;","_links":{"self":[{"href":"https:\/\/musixp.com\/en\/wp-json\/wp\/v2\/pages\/556","targetHints":{"allow":["GET"]}}],"collection":[{"href":"https:\/\/musixp.com\/en\/wp-json\/wp\/v2\/pages"}],"about":[{"href":"https:\/\/musixp.com\/en\/wp-json\/wp\/v2\/types\/page"}],"author":[{"embeddable":true,"href":"https:\/\/musixp.com\/en\/wp-json\/wp\/v2\/users\/1"}],"replies":[{"embeddable":true,"href":"https:\/\/musixp.com\/en\/wp-json\/wp\/v2\/comments?post=556"}],"version-history":[{"count":236,"href":"https:\/\/musixp.com\/en\/wp-json\/wp\/v2\/pages\/556\/revisions"}],"predecessor-version":[{"id":5310,"href":"https:\/\/musixp.com\/en\/wp-json\/wp\/v2\/pages\/556\/revisions\/5310"}],"wp:featuredmedia":[{"embeddable":true,"href":"https:\/\/musixp.com\/en\/wp-json\/wp\/v2\/media\/4715"}],"wp:attachment":[{"href":"https:\/\/musixp.com\/en\/wp-json\/wp\/v2\/media?parent=556"}],"curies":[{"name":"wp","href":"https:\/\/api.w.org\/{rel}","templated":true}]}}