{"id":559,"date":"2025-05-14T08:46:47","date_gmt":"2025-05-14T08:46:47","guid":{"rendered":"https:\/\/musixp.com\/about\/"},"modified":"2026-03-09T16:33:37","modified_gmt":"2026-03-09T16:33:37","slug":"a-propos","status":"publish","type":"page","link":"https:\/\/musixp.com\/en\/a-propos\/","title":{"rendered":"Thibaut Gerhardt &#8211; Expert en Strat\u00e9gie Musicale | MusiXP"},"content":{"rendered":"<div style=\"margin-top:0;margin-bottom:0;height:52px\" aria-hidden=\"true\" class=\"wp-block-spacer\"><\/div>\n\n\n\n<div class=\"wp-block-uagb-container uagb-block-ef3703ca alignfull uagb-is-root-container\"><div class=\"uagb-container-inner-blocks-wrap\">\n<div class=\"wp-block-uagb-container uagb-block-9fc8b0b3\">\n<p style=\"text-align: center;\"><em><strong><span style=\"font-size: 22px; font-family: 'times new roman', times;\">\u00ab\u00a0Building bridges between musical emotion and brand strategy, that\u2019s where it all starts\u00a0\u00bb<\/span><\/strong><\/em><\/p>\n<p style=\"text-align: center;\">&#8211;<\/p>\n<p style=\"text-align: justify;\"><strong><span style=\"font-size: 18px;\">With almost 20 years in the music industry, I blend artistic vision and strategic expertise.<\/span><\/strong><\/p>\n<p style=\"text-align: justify;\"><span style=\"font-size: 18px;\">Holding a Sound Engineering degree and a Master\u2019s from a leading business school, I held key marketing and promotion positions at Universal Music France before serving as Managing Director of Decca Records (Blue Note, Deutsche Grammophon, Decca Classics, ECM, Verve) and subsequently Polydor. I recently expanded my expertise through Executive Education at ESSEC, focusing on the luxury sector and the challenges of Artificial Intelligence.<\/span><\/p>\n<p style=\"text-align: justify;\"><span style=\"font-size: 18px;\">Throughout my career, I have spearheaded the development of top-tier artists in both French and international markets, including Stromae, Yodelice, Thomas Dutronc, Norah Jones, Gregory Porter, Melody Gardot, Ibrahim Maalouf, H\u00e9l\u00e8ne Grimaud, Max Richter, Agn\u00e8s Obel, Lorde, Seal, Ariana Grande, Taylor Swift, Texas, The Rolling Stones, and many others.<\/span><\/p>\n<p style=\"text-align: justify;\"><a href=\"https:\/\/musixp.com\/en\/realisations\/\"><span style=\"font-size: 18px;\">A musician, composer, and arranger since childhood, I now place this dual creative and strategic expertise at the service of brands and agencies to craft unique, tailor-made, and meaningful sonic experiences.<\/span><\/a><\/p>\n<p style=\"text-align: left;\"><em><span style=\"font-size: 18px;\">Thibaut Gerhardt \u2013 Founder &amp; CEO, MusiXP<\/span><\/em><\/p>\n<\/div>\n\n\n\n<div class=\"wp-block-uagb-container uagb-block-d4718da0\">\n<figure class=\"wp-block-image size-large\"><img fetchpriority=\"high\" decoding=\"async\" width=\"870\" height=\"1024\" src=\"https:\/\/musixp.com\/wp-content\/uploads\/2025\/05\/Thibaut-Gerhardt-MusiXP-agence-musicale-870x1024.jpg\" alt=\"\" class=\"wp-image-4634\" style=\"aspect-ratio:3\/4;object-fit:cover\" srcset=\"https:\/\/musixp.com\/wp-content\/uploads\/2025\/05\/Thibaut-Gerhardt-MusiXP-agence-musicale-870x1024.jpg 870w, https:\/\/musixp.com\/wp-content\/uploads\/2025\/05\/Thibaut-Gerhardt-MusiXP-agence-musicale-255x300.jpg 255w, https:\/\/musixp.com\/wp-content\/uploads\/2025\/05\/Thibaut-Gerhardt-MusiXP-agence-musicale-768x904.jpg 768w, https:\/\/musixp.com\/wp-content\/uploads\/2025\/05\/Thibaut-Gerhardt-MusiXP-agence-musicale-1305x1536.jpg 1305w, https:\/\/musixp.com\/wp-content\/uploads\/2025\/05\/Thibaut-Gerhardt-MusiXP-agence-musicale-10x12.jpg 10w, https:\/\/musixp.com\/wp-content\/uploads\/2025\/05\/Thibaut-Gerhardt-MusiXP-agence-musicale.jpg 1577w\" sizes=\"(max-width: 870px) 100vw, 870px\" \/><\/figure>\n<\/div>\n<\/div><\/div>","protected":false},"excerpt":{"rendered":"<p>\u00ab\u00a0Cr\u00e9er des ponts entre l\u2019\u00e9motion musicale et la strat\u00e9gie de marque, c\u2019est l\u00e0 que tout commence\u00a0\u00bb &#8211; Avec pr\u00e8s de 20 ans d&rsquo;exp\u00e9rience au coeur de l&rsquo;industrie musicale, je conjugue vision artistique et expertise strat\u00e9gique. Titulaire d\u2019un dipl\u00f4me d\u2019ing\u00e9nieur du son compl\u00e9t\u00e9 par un master en \u00e9cole de commerce, j&rsquo;ai occup\u00e9 des postes cl\u00e9s en [&hellip;]<\/p>\n","protected":false},"author":1,"featured_media":4717,"parent":0,"menu_order":0,"comment_status":"closed","ping_status":"closed","template":"","meta":{"_uag_custom_page_level_css":"","site-sidebar-layout":"no-sidebar","site-content-layout":"page-builder","ast-site-content-layout":"full-width-container","site-content-style":"unboxed","site-sidebar-style":"unboxed","ast-global-header-display":"","ast-banner-title-visibility":"","ast-main-header-display":"","ast-hfb-above-header-display":"","ast-hfb-below-header-display":"","ast-hfb-mobile-header-display":"","site-post-title":"disabled","ast-breadcrumbs-content":"","ast-featured-img":"disabled","footer-sml-layout":"","theme-transparent-header-meta":"enabled","adv-header-id-meta":"","stick-header-meta":"","header-above-stick-meta":"","header-main-stick-meta":"","header-below-stick-meta":"","astra-migrate-meta-layouts":"set","ast-page-background-enabled":"default","ast-page-background-meta":{"desktop":{"background-color":"","background-image":"","background-repeat":"repeat","background-position":"center center","background-size":"auto","background-attachment":"scroll","background-type":"","background-media":"","overlay-type":"","overlay-color":"","overlay-opacity":"","overlay-gradient":""},"tablet":{"background-color":"","background-image":"","background-repeat":"repeat","background-position":"center center","background-size":"auto","background-attachment":"scroll","background-type":"","background-media":"","overlay-type":"","overlay-color":"","overlay-opacity":"","overlay-gradient":""},"mobile":{"background-color":"","background-image":"","background-repeat":"repeat","background-position":"center center","background-size":"auto","background-attachment":"scroll","background-type":"","background-media":"","overlay-type":"","overlay-color":"","overlay-opacity":"","overlay-gradient":""}},"ast-content-background-meta":{"desktop":{"background-color":"var(--ast-global-color-5)","background-image":"","background-repeat":"repeat","background-position":"center center","background-size":"auto","background-attachment":"scroll","background-type":"","background-media":"","overlay-type":"","overlay-color":"","overlay-opacity":"","overlay-gradient":""},"tablet":{"background-color":"var(--ast-global-color-5)","background-image":"","background-repeat":"repeat","background-position":"center center","background-size":"auto","background-attachment":"scroll","background-type":"","background-media":"","overlay-type":"","overlay-color":"","overlay-opacity":"","overlay-gradient":""},"mobile":{"background-color":"var(--ast-global-color-5)","background-image":"","background-repeat":"repeat","background-position":"center center","background-size":"auto","background-attachment":"scroll","background-type":"","background-media":"","overlay-type":"","overlay-color":"","overlay-opacity":"","overlay-gradient":""}},"footnotes":""},"class_list":["post-559","page","type-page","status-publish","has-post-thumbnail","hentry"],"yoast_head":"<!-- This site is optimized with the Yoast SEO plugin v27.1.1 - https:\/\/yoast.com\/product\/yoast-seo-wordpress\/ -->\n<title>Thibaut Gerhardt - Expert en Strat\u00e9gie Musicale | MusiXP<\/title>\n<meta name=\"description\" content=\"Avec pr\u00e8s de 20 ans d\u2019exp\u00e9rience au c\u0153ur de l\u2019industrie musicale, je conjugue vision artistique et expertise strat\u00e9gique.\" \/>\n<meta name=\"robots\" content=\"index, follow, max-snippet:-1, max-image-preview:large, max-video-preview:-1\" \/>\n<link rel=\"canonical\" href=\"https:\/\/musixp.com\/en\/a-propos\/\" \/>\n<meta property=\"og:locale\" content=\"en_GB\" \/>\n<meta property=\"og:type\" content=\"article\" \/>\n<meta property=\"og:title\" content=\"Thibaut Gerhardt - Expert en Strat\u00e9gie Musicale | MusiXP\" \/>\n<meta property=\"og:description\" content=\"Avec pr\u00e8s de 20 ans d\u2019exp\u00e9rience au c\u0153ur de l\u2019industrie musicale, je conjugue vision artistique et expertise strat\u00e9gique.\" \/>\n<meta property=\"og:url\" content=\"https:\/\/musixp.com\/en\/a-propos\/\" \/>\n<meta property=\"article:modified_time\" content=\"2026-03-09T16:33:37+00:00\" \/>\n<meta property=\"og:image\" content=\"https:\/\/musixp.com\/wp-content\/uploads\/2025\/05\/Thibaut-Gerhardt-MusiXP-agence-musicale-seo.jpg\" \/>\n\t<meta property=\"og:image:width\" content=\"1570\" \/>\n\t<meta property=\"og:image:height\" content=\"928\" \/>\n\t<meta property=\"og:image:type\" content=\"image\/jpeg\" \/>\n<meta name=\"twitter:card\" content=\"summary_large_image\" \/>\n<meta name=\"twitter:site\" content=\"@thibautgerhardt\" \/>\n<meta name=\"twitter:label1\" content=\"Estimated reading time\" \/>\n\t<meta name=\"twitter:data1\" content=\"2 minutes\" \/>\n<script type=\"application\/ld+json\" class=\"yoast-schema-graph\">{\"@context\":\"https:\/\/schema.org\",\"@graph\":[{\"@type\":\"WebPage\",\"@id\":\"https:\/\/musixp.com\/a-propos\/\",\"url\":\"https:\/\/musixp.com\/a-propos\/\",\"name\":\"Thibaut Gerhardt - Expert en Strat\u00e9gie Musicale | MusiXP\",\"isPartOf\":{\"@id\":\"https:\/\/musixp.com\/#website\"},\"primaryImageOfPage\":{\"@id\":\"https:\/\/musixp.com\/a-propos\/#primaryimage\"},\"image\":{\"@id\":\"https:\/\/musixp.com\/a-propos\/#primaryimage\"},\"thumbnailUrl\":\"https:\/\/musixp.com\/wp-content\/uploads\/2025\/05\/Thibaut-Gerhardt-MusiXP-agence-musicale-seo.jpg\",\"datePublished\":\"2025-05-14T08:46:47+00:00\",\"dateModified\":\"2026-03-09T16:33:37+00:00\",\"description\":\"Avec pr\u00e8s de 20 ans d\u2019exp\u00e9rience au c\u0153ur de l\u2019industrie musicale, je conjugue vision artistique et expertise strat\u00e9gique.\",\"breadcrumb\":{\"@id\":\"https:\/\/musixp.com\/a-propos\/#breadcrumb\"},\"inLanguage\":\"en-GB\",\"potentialAction\":[{\"@type\":\"ReadAction\",\"target\":[\"https:\/\/musixp.com\/a-propos\/\"]}]},{\"@type\":\"ImageObject\",\"inLanguage\":\"en-GB\",\"@id\":\"https:\/\/musixp.com\/a-propos\/#primaryimage\",\"url\":\"https:\/\/musixp.com\/wp-content\/uploads\/2025\/05\/Thibaut-Gerhardt-MusiXP-agence-musicale-seo.jpg\",\"contentUrl\":\"https:\/\/musixp.com\/wp-content\/uploads\/2025\/05\/Thibaut-Gerhardt-MusiXP-agence-musicale-seo.jpg\",\"width\":1570,\"height\":928},{\"@type\":\"BreadcrumbList\",\"@id\":\"https:\/\/musixp.com\/a-propos\/#breadcrumb\",\"itemListElement\":[{\"@type\":\"ListItem\",\"position\":1,\"name\":\"Accueil\",\"item\":\"https:\/\/musixp.com\/\"},{\"@type\":\"ListItem\",\"position\":2,\"name\":\"Thibaut Gerhardt &#8211; Expert en Strat\u00e9gie Musicale | MusiXP\"}]},{\"@type\":\"WebSite\",\"@id\":\"https:\/\/musixp.com\/#website\",\"url\":\"https:\/\/musixp.com\/\",\"name\":\"MusiXP\",\"description\":\"CRAFTING SOUND - ELEVATING STORIES\",\"publisher\":{\"@id\":\"https:\/\/musixp.com\/#organization\"},\"potentialAction\":[{\"@type\":\"SearchAction\",\"target\":{\"@type\":\"EntryPoint\",\"urlTemplate\":\"https:\/\/musixp.com\/?s={search_term_string}\"},\"query-input\":{\"@type\":\"PropertyValueSpecification\",\"valueRequired\":true,\"valueName\":\"search_term_string\"}}],\"inLanguage\":\"en-GB\"},{\"@type\":\"Organization\",\"@id\":\"https:\/\/musixp.com\/#organization\",\"name\":\"MusiXP\",\"url\":\"https:\/\/musixp.com\/\",\"logo\":{\"@type\":\"ImageObject\",\"inLanguage\":\"en-GB\",\"@id\":\"https:\/\/musixp.com\/#\/schema\/logo\/image\/\",\"url\":\"https:\/\/musixp.com\/wp-content\/uploads\/2025\/05\/MusiXP-logo-test-seo-scaled.jpg\",\"contentUrl\":\"https:\/\/musixp.com\/wp-content\/uploads\/2025\/05\/MusiXP-logo-test-seo-scaled.jpg\",\"width\":2560,\"height\":1077,\"caption\":\"MusiXP\"},\"image\":{\"@id\":\"https:\/\/musixp.com\/#\/schema\/logo\/image\/\"},\"sameAs\":[\"https:\/\/x.com\/thibautgerhardt\",\"https:\/\/www.linkedin.com\/company\/musixp\/\",\"https:\/\/www.instagram.com\/musi.xp\"]}]}<\/script>\n<!-- \/ Yoast SEO plugin. -->","yoast_head_json":{"title":"Thibaut Gerhardt - Expert en Strat\u00e9gie Musicale | MusiXP","description":"Avec pr\u00e8s de 20 ans d\u2019exp\u00e9rience au c\u0153ur de l\u2019industrie musicale, je conjugue vision artistique et expertise strat\u00e9gique.","robots":{"index":"index","follow":"follow","max-snippet":"max-snippet:-1","max-image-preview":"max-image-preview:large","max-video-preview":"max-video-preview:-1"},"canonical":"https:\/\/musixp.com\/en\/a-propos\/","og_locale":"en_GB","og_type":"article","og_title":"Thibaut Gerhardt - Expert en Strat\u00e9gie Musicale | MusiXP","og_description":"Avec pr\u00e8s de 20 ans d\u2019exp\u00e9rience au c\u0153ur de l\u2019industrie musicale, je conjugue vision artistique et expertise strat\u00e9gique.","og_url":"https:\/\/musixp.com\/en\/a-propos\/","article_modified_time":"2026-03-09T16:33:37+00:00","og_image":[{"width":1570,"height":928,"url":"https:\/\/musixp.com\/wp-content\/uploads\/2025\/05\/Thibaut-Gerhardt-MusiXP-agence-musicale-seo.jpg","type":"image\/jpeg"}],"twitter_card":"summary_large_image","twitter_site":"@thibautgerhardt","twitter_misc":{"Estimated reading time":"2 minutes"},"schema":{"@context":"https:\/\/schema.org","@graph":[{"@type":"WebPage","@id":"https:\/\/musixp.com\/a-propos\/","url":"https:\/\/musixp.com\/a-propos\/","name":"Thibaut Gerhardt - Expert en Strat\u00e9gie Musicale | MusiXP","isPartOf":{"@id":"https:\/\/musixp.com\/#website"},"primaryImageOfPage":{"@id":"https:\/\/musixp.com\/a-propos\/#primaryimage"},"image":{"@id":"https:\/\/musixp.com\/a-propos\/#primaryimage"},"thumbnailUrl":"https:\/\/musixp.com\/wp-content\/uploads\/2025\/05\/Thibaut-Gerhardt-MusiXP-agence-musicale-seo.jpg","datePublished":"2025-05-14T08:46:47+00:00","dateModified":"2026-03-09T16:33:37+00:00","description":"Avec pr\u00e8s de 20 ans d\u2019exp\u00e9rience au c\u0153ur de l\u2019industrie musicale, je conjugue vision artistique et expertise strat\u00e9gique.","breadcrumb":{"@id":"https:\/\/musixp.com\/a-propos\/#breadcrumb"},"inLanguage":"en-GB","potentialAction":[{"@type":"ReadAction","target":["https:\/\/musixp.com\/a-propos\/"]}]},{"@type":"ImageObject","inLanguage":"en-GB","@id":"https:\/\/musixp.com\/a-propos\/#primaryimage","url":"https:\/\/musixp.com\/wp-content\/uploads\/2025\/05\/Thibaut-Gerhardt-MusiXP-agence-musicale-seo.jpg","contentUrl":"https:\/\/musixp.com\/wp-content\/uploads\/2025\/05\/Thibaut-Gerhardt-MusiXP-agence-musicale-seo.jpg","width":1570,"height":928},{"@type":"BreadcrumbList","@id":"https:\/\/musixp.com\/a-propos\/#breadcrumb","itemListElement":[{"@type":"ListItem","position":1,"name":"Accueil","item":"https:\/\/musixp.com\/"},{"@type":"ListItem","position":2,"name":"Thibaut Gerhardt &#8211; Expert en Strat\u00e9gie Musicale | MusiXP"}]},{"@type":"WebSite","@id":"https:\/\/musixp.com\/#website","url":"https:\/\/musixp.com\/","name":"MusiXP","description":"CRAFTING SOUND - ELEVATING STORIES","publisher":{"@id":"https:\/\/musixp.com\/#organization"},"potentialAction":[{"@type":"SearchAction","target":{"@type":"EntryPoint","urlTemplate":"https:\/\/musixp.com\/?s={search_term_string}"},"query-input":{"@type":"PropertyValueSpecification","valueRequired":true,"valueName":"search_term_string"}}],"inLanguage":"en-GB"},{"@type":"Organization","@id":"https:\/\/musixp.com\/#organization","name":"MusiXP","url":"https:\/\/musixp.com\/","logo":{"@type":"ImageObject","inLanguage":"en-GB","@id":"https:\/\/musixp.com\/#\/schema\/logo\/image\/","url":"https:\/\/musixp.com\/wp-content\/uploads\/2025\/05\/MusiXP-logo-test-seo-scaled.jpg","contentUrl":"https:\/\/musixp.com\/wp-content\/uploads\/2025\/05\/MusiXP-logo-test-seo-scaled.jpg","width":2560,"height":1077,"caption":"MusiXP"},"image":{"@id":"https:\/\/musixp.com\/#\/schema\/logo\/image\/"},"sameAs":["https:\/\/x.com\/thibautgerhardt","https:\/\/www.linkedin.com\/company\/musixp\/","https:\/\/www.instagram.com\/musi.xp"]}]}},"uagb_featured_image_src":{"full":["https:\/\/musixp.com\/wp-content\/uploads\/2025\/05\/Thibaut-Gerhardt-MusiXP-agence-musicale-seo.jpg",1570,928,false],"thumbnail":["https:\/\/musixp.com\/wp-content\/uploads\/2025\/05\/Thibaut-Gerhardt-MusiXP-agence-musicale-seo-150x150.jpg",150,150,true],"medium":["https:\/\/musixp.com\/wp-content\/uploads\/2025\/05\/Thibaut-Gerhardt-MusiXP-agence-musicale-seo-300x177.jpg",300,177,true],"medium_large":["https:\/\/musixp.com\/wp-content\/uploads\/2025\/05\/Thibaut-Gerhardt-MusiXP-agence-musicale-seo-768x454.jpg",768,454,true],"large":["https:\/\/musixp.com\/wp-content\/uploads\/2025\/05\/Thibaut-Gerhardt-MusiXP-agence-musicale-seo-1024x605.jpg",1024,605,true],"1536x1536":["https:\/\/musixp.com\/wp-content\/uploads\/2025\/05\/Thibaut-Gerhardt-MusiXP-agence-musicale-seo-1536x908.jpg",1536,908,true],"2048x2048":["https:\/\/musixp.com\/wp-content\/uploads\/2025\/05\/Thibaut-Gerhardt-MusiXP-agence-musicale-seo.jpg",1570,928,false],"trp-custom-language-flag":["https:\/\/musixp.com\/wp-content\/uploads\/2025\/05\/Thibaut-Gerhardt-MusiXP-agence-musicale-seo-18x12.jpg",18,12,true],"audioigniter_cover":["https:\/\/musixp.com\/wp-content\/uploads\/2025\/05\/Thibaut-Gerhardt-MusiXP-agence-musicale-seo.jpg",560,331,false]},"uagb_author_info":{"display_name":"thibaut.gerhardt@gmail.com","author_link":"https:\/\/musixp.com\/en\/author\/thibaut-gerhardtgmail-com\/"},"uagb_comment_info":0,"uagb_excerpt":"\u00ab\u00a0Cr\u00e9er des ponts entre l\u2019\u00e9motion musicale et la strat\u00e9gie de marque, c\u2019est l\u00e0 que tout commence\u00a0\u00bb &#8211; Avec pr\u00e8s de 20 ans d&rsquo;exp\u00e9rience au coeur de l&rsquo;industrie musicale, je conjugue vision artistique et expertise strat\u00e9gique. Titulaire d\u2019un dipl\u00f4me d\u2019ing\u00e9nieur du son compl\u00e9t\u00e9 par un master en \u00e9cole de commerce, j&rsquo;ai occup\u00e9 des postes cl\u00e9s en&hellip;","_links":{"self":[{"href":"https:\/\/musixp.com\/en\/wp-json\/wp\/v2\/pages\/559","targetHints":{"allow":["GET"]}}],"collection":[{"href":"https:\/\/musixp.com\/en\/wp-json\/wp\/v2\/pages"}],"about":[{"href":"https:\/\/musixp.com\/en\/wp-json\/wp\/v2\/types\/page"}],"author":[{"embeddable":true,"href":"https:\/\/musixp.com\/en\/wp-json\/wp\/v2\/users\/1"}],"replies":[{"embeddable":true,"href":"https:\/\/musixp.com\/en\/wp-json\/wp\/v2\/comments?post=559"}],"version-history":[{"count":279,"href":"https:\/\/musixp.com\/en\/wp-json\/wp\/v2\/pages\/559\/revisions"}],"predecessor-version":[{"id":5324,"href":"https:\/\/musixp.com\/en\/wp-json\/wp\/v2\/pages\/559\/revisions\/5324"}],"wp:featuredmedia":[{"embeddable":true,"href":"https:\/\/musixp.com\/en\/wp-json\/wp\/v2\/media\/4717"}],"wp:attachment":[{"href":"https:\/\/musixp.com\/en\/wp-json\/wp\/v2\/media?parent=559"}],"curies":[{"name":"wp","href":"https:\/\/api.w.org\/{rel}","templated":true}]}}